{"id":38,"date":"2012-05-10T10:53:44","date_gmt":"2012-05-10T10:53:44","guid":{"rendered":"http:\/\/mtvbarnten.mt.funpic.de\/wordpress\/?page_id=38"},"modified":"2026-02-20T15:41:14","modified_gmt":"2026-02-20T15:41:14","slug":"tischtennis","status":"publish","type":"page","link":"https:\/\/mtv-barnten.de\/?page_id=38","title":{"rendered":"Tischtennis"},"content":{"rendered":"<header>\n<h2>Spartennews<\/h2>\n<h1><\/h1>\n<h1>Mannschaften und Ligeneinteilung 2025\/2026<\/h1>\n<div>\n<table border=\"0\" width=\"624\" cellspacing=\"0\" cellpadding=\"0\">\n<tbody>\n<tr>\n<th>MANNSCHAFT<\/th>\n<th>LIGA<\/th>\n<th>SPIELSYSTEM<\/th>\n<th>MANNSCHAFTSKONTAKT<\/th>\n<\/tr>\n<tr>\n<td>Herren I<\/td>\n<td><a href=\"https:\/\/www.mytischtennis.de\/click-tt\/TTVN\/25--26\/ligen\/Kreisliga_Gr._3\/gruppe\/498134\/tabelle\/gesamt\">Kreisliga Gruppe 3<\/a><\/td>\n<td>Bundessystem<\/td>\n<td>Peckmann, Lukas<\/td>\n<\/tr>\n<tr>\n<td>Herren II<\/td>\n<td><a href=\"https:\/\/www.mytischtennis.de\/click-tt\/TTVN\/25--26\/ligen\/1._Kreisklasse_Gr._3\/gruppe\/498717\/tabelle\/gesamt\">1. Kreisklasse Gruppe 3<\/a><\/td>\n<td>Bundessystem<\/td>\n<td>Schulz, Simon<\/td>\n<\/tr>\n<tr>\n<td>Herren III<\/td>\n<td><a href=\"https:\/\/www.mytischtennis.de\/click-tt\/TTVN\/25--26\/ligen\/4._Kreisklasse_Gr._2\/gruppe\/498556\/tabelle\/gesamt\">4. Kreisklasse Gruppe 2<\/a><\/td>\n<td>Braunschweiger System<\/td>\n<td>Sauerberg, Oliver<\/td>\n<\/tr>\n<\/tbody>\n<\/table>\n<p>Die Links f\u00fchren zu Spielterminen und -ergebnissen. Wir freuen uns \u00fcber jeden Zuschauer und Interessierten.<\/p>\n<\/div>\n<p>Der Vereinsspielplan f\u00fcr die Saison 2025\/2026 ist hier zu finden:<\/p>\n<p><a href=\"https:\/\/www.mytischtennis.de\/click-tt\/TTVN\/25--26\/verein\/2210840\/MTV_Germania_Barnten\/spielplan\">Vereinsspielplan 2025\/26<\/a><\/p>\n<p>&nbsp;<\/p>\n<h1>Mannschaften und Ligeneinteilung 2021\/2022<\/h1>\n<div>\n<table border=\"0\" width=\"624\" cellspacing=\"0\" cellpadding=\"0\">\n<tbody>\n<tr>\n<th>MANNSCHAFT<\/th>\n<th>LIGA<\/th>\n<th>MANNSCHAFTSKONTAKT<\/th>\n<\/tr>\n<tr>\n<td>Herren I<\/td>\n<td><a href=\"https:\/\/www.mytischtennis.de\/clicktt\/TTVN\/21-22\/ligen\/1-Kreisklasse-Gruppe-2\/gruppe\/397830\/tabelle\/gesamt\">1. Kreisklasse Herren Gruppe 2<\/a><\/td>\n<td>Schulz, Simon<\/td>\n<\/tr>\n<tr>\n<td>Herren II<\/td>\n<td><a href=\"https:\/\/www.mytischtennis.de\/clicktt\/TTVN\/21-22\/ligen\/3-Kreisklasse-Gruppe-5-4er\/gruppe\/401856\/tabelle\/gesamt\">3. Kreisklasse Herren Gruppe 5 &#8211; 4er<\/a><\/td>\n<td>H\u00f6rstermann, Markus<\/td>\n<\/tr>\n<\/tbody>\n<\/table>\n<p>Die Links f\u00fchren zu Spielterminen und -ergebnissen. Wir freuen uns \u00fcber jeden Zuschauer und Interessierten.<\/p>\n<\/div>\n<p>Der Vereinsspielplan f\u00fcr die Hinrunde der Saison 2021\/2022 kann hier heruntergeladen werden:<\/p>\n<p><a href=\"http:\/\/mtv-barnten.de\/wp-content\/uploads\/2021\/12\/TT-Vereinsspielplan-2021-22-Hinrunde.pdf\">Vereinsspielplan Hinrunde 2021\/22<\/a><\/p>\n<p>&nbsp;<\/p>\n<h1>Mannschaften und Ligeneinteilung 2020\/2021<\/h1>\n<div>\n<table border=\"0\" width=\"624\" cellspacing=\"0\" cellpadding=\"0\">\n<tbody>\n<tr>\n<th>MANNSCHAFT<\/th>\n<th>LIGA<\/th>\n<th>MANNSCHAFTSKONTAKT<\/th>\n<\/tr>\n<tr>\n<td>Herren I<\/td>\n<td><a href=\"https:\/\/www.mytischtennis.de\/clicktt\/TTVN\/20-21\/ligen\/1-Kreisklasse-Gruppe-2\/gruppe\/384781\/tabelle\/gesamt\">1. Kreisklasse Herren Gruppe 2<\/a><\/td>\n<td>Schulz, Simon<\/td>\n<\/tr>\n<tr>\n<td>Herren II<\/td>\n<td><a href=\"https:\/\/www.mytischtennis.de\/clicktt\/TTVN\/20-21\/ligen\/3-Kreisklasse-Gruppe-5-4er\/gruppe\/386440\/tabelle\/gesamt\">3. Kreisklasse Herren Gruppe 5 &#8211; 4er<\/a><\/td>\n<td>H\u00f6rstermann, Markus<\/td>\n<\/tr>\n<\/tbody>\n<\/table>\n<p>Die Links f\u00fchren zu Spielterminen und -ergebnissen. Wir freuen uns \u00fcber jeden Zuschauer und Interessierten.<\/p>\n<\/div>\n<p>Der Vereinsspielplan f\u00fcr die Hinrunde der Saison 2020\/2021 kann hier heruntergeladen werden:<\/p>\n<p><a href=\"http:\/\/mtv-barnten.de\/wp-content\/uploads\/2020\/08\/TT-Vereinsspielplan-2020-21-Hinrunde.pdf\">Vereinsspielplan Hinrunde 2020\/21<\/a><\/p>\n<p>&nbsp;<\/p>\n<div>\n<header>\n<h1>Mannschaften und Ligeneinteilung 2019\/2020<\/h1>\n<div>\n<table border=\"0\" width=\"624\" cellspacing=\"0\" cellpadding=\"0\">\n<tbody>\n<tr>\n<th>MANNSCHAFT<\/th>\n<th>LIGA<\/th>\n<th>MANNSCHAFTSKONTAKT<\/th>\n<\/tr>\n<tr>\n<td>Herren I<\/td>\n<td><a href=\"https:\/\/www.mytischtennis.de\/clicktt\/TTVN\/19-20\/ligen\/1-Kreisklasse-Gruppe-2\/gruppe\/357659\/tabelle\/gesamt\">1. Kreisklasse Herren Gruppe 2<\/a><\/td>\n<td>Wigger, Matthias<\/td>\n<\/tr>\n<tr>\n<td>Herren II<\/td>\n<td><a href=\"https:\/\/www.mytischtennis.de\/clicktt\/TTVN\/19-20\/ligen\/3-Kreisklasse-Gruppe-5-4er\/gruppe\/360042\/tabelle\/gesamt\">3. Kreisklasse Herren Gruppe 5 &#8211; 4er<\/a><\/td>\n<td>H\u00f6rstermann, Markus<\/td>\n<\/tr>\n<\/tbody>\n<\/table>\n<p>Die Links f\u00fchren zu Spielterminen und -ergebnissen. Wir freuen uns \u00fcber jeden Zuschauer und Interessierten.<\/p>\n<\/div>\n<p>Der Vereinsspielplan f\u00fcr die Hinrunde der Saison 2019\/2020 kann hier heruntergeladen werden:<\/p>\n<p><a href=\"http:\/\/mtv-barnten.de\/wp-content\/uploads\/2019\/08\/MTV-Barnten-Vereinsspielplan-Hinrunde-2019_20.pdf\">Vereinsspielplan Hinrunde 2019\/20<\/a><\/p>\n<p>&nbsp;<\/p>\n<\/header>\n<\/div>\n<div>\n<header>\n<h1>Mannschaften und Ligeneinteilung 2018\/2019<\/h1>\n<div>\n<table border=\"0\" width=\"624\" cellspacing=\"0\" cellpadding=\"0\">\n<tbody>\n<tr>\n<th>MANNSCHAFT<\/th>\n<th>LIGA<\/th>\n<th>MANNSCHAFTSKONTAKT<\/th>\n<\/tr>\n<tr>\n<td>Herren I<\/td>\n<td><a href=\"https:\/\/www.mytischtennis.de\/clicktt\/TTVN\/18-19\/ligen\/1-Kreisklasse-Gruppe-2\/gruppe\/338487\/tabelle\/gesamt\">1. Kreisklasse Herren Gruppe 2<\/a><\/td>\n<td>Sauerberg, Oliver<\/td>\n<\/tr>\n<tr>\n<td>Herren II<\/td>\n<td><a href=\"https:\/\/www.mytischtennis.de\/clicktt\/TTVN\/18-19\/ligen\/3-Kreisklasse-Gruppe-5-4er\/gruppe\/338527\/tabelle\/gesamt\">3. Kreisklasse Herren Gruppe 5 &#8211; 4er<\/a><\/td>\n<td>Krumbholz, Benedict<\/td>\n<\/tr>\n<\/tbody>\n<\/table>\n<p>Die Links f\u00fchren zu Spielterminen und -ergebnissen. Wir freuen uns \u00fcber jeden Zuschauer und Interessierten.<\/p>\n<\/div>\n<p>Der Vereinsspielplan f\u00fcr die Saison 2018\/2019 kann hier heruntergeladen werden:<\/p>\n<p><a href=\"http:\/\/mtv-barnten.de\/wp-content\/uploads\/2019\/01\/Spielsaison-2018-2019.pdf\">Spielsaison 2018-2019<\/a><\/p>\n<p>&nbsp;<\/p>\n<p>Die Saison 2017 ist gelaufen und konnte ohne gr\u00f6\u00dfere Probleme beendet werden. Wir konnten dieses Jahr eine Jugendmannschaft und zwei Herrenmannschaften melden.<br \/>\nHolger Lippels betreut unsere Jungenmannschaft, und sie sind sogar mit<br \/>\n<strong>Felix Peckmann, Benjamin Honner, Bjarne Lippels und Niklas Schubert <\/strong>Herbstmeister geworden.\u00a0\u00a0\u00a0\u00a0\u00a0\u00a0\u00a0\u00a0\u00a0\u00a0 HERZLICHEN GL\u00dcCKWUNSCH.<\/p>\n<p>Die 1. Herrenmannschaft spielt in der 1. Kreisklasse und schloss sie mit einem nicht so guten Ergebnis ab. Sie landeten auf einem guten 9.Platz von zehn Mannschaften.<br \/>\nDagegen erspielte sich die 2. Herrenmannschaft in der Vorrunde einen 7. Platz in der<br \/>\n3. Kreisklasse 4er Staffel. Sie kann zwar weder Auf- noch Absteigen, es fehlt ihr aber immer noch das Qu\u00e4ntchen Gl\u00fcck zu einem besseren Ergebnis. Es wird aber.<br \/>\nDieses Jahr hatten wir auch beide Mannschaften im Kreispokal gemeldet.<br \/>\nDie 1. Mannschaft ist gleich in der 1. Runde ausgeschieden, wobei die 2. Mannschaft<br \/>\nin die zweite Runde gekommen ist.<br \/>\nWilfried K\u00f6nning und Markus H\u00f6rstermann trainieren mit sehr viel Engagement die kleinsten bei uns im Tischtennis. Aber in den letzten Jahren m\u00fcssen wir leider feststellen, dass die Anzahl der Kinder immer weniger wird, da hat man etwas Sorge \u00fcber unseren Nachwuchs!!!<\/p>\n<p>Mehr Informationen rund um die Tischtennissparte und ein Probespiel gibt es beim Training<br \/>\njeden Mittwoch von 18:00 Uhr bis 22:00 Uhr in der Barntener-Sporthalle.<\/p>\n<h1>Mannschaften und Ligeneinteilung 2017\/2018<\/h1>\n<div>\n<table style=\"height: 171px;\" border=\"0\" width=\"624\" cellspacing=\"0\" cellpadding=\"0\">\n<tbody>\n<tr>\n<th>MANNSCHAFT<\/th>\n<th>LIGA<\/th>\n<th>MANNSCHAFTSKONTAKT<\/th>\n<\/tr>\n<tr>\n<td>Herren I<\/td>\n<td><a href=\"https:\/\/ttvn.click-tt.de\/cgi-bin\/WebObjects\/nuLigaTTDE.woa\/wa\/groupPage?championship=KV+HI+17%2F18&amp;group=308649\">1. Kreisklasse Herren Gruppe 2<\/a><\/td>\n<td>Sauerberg, Oliver<\/td>\n<\/tr>\n<tr>\n<td>Herren II<\/td>\n<td><a href=\"https:\/\/ttvn.click-tt.de\/cgi-bin\/WebObjects\/nuLigaTTDE.woa\/wa\/groupPage?championship=KV+HI+17%2F18&amp;group=308929\">3. Kreisklasse Herren Gruppe 4 &#8211; 4er<\/a><\/td>\n<td>Krumbholz, Benedict<\/td>\n<\/tr>\n<tr>\n<td>Jungen I<\/td>\n<td><a href=\"https:\/\/ttvn.click-tt.de\/cgi-bin\/WebObjects\/nuLigaTTDE.woa\/wa\/groupPage?championship=KV+HI+17%2F18&amp;group=309842\">4. Kreisklasse Gruppe 3<\/a><\/td>\n<td>Lippels, Holger<\/td>\n<\/tr>\n<\/tbody>\n<\/table>\n<p>Die Links f\u00fchren zu Spielterminen und -ergebnissen. Wir freuen uns \u00fcber jeden Zuschauer und Interessierten.<\/p>\n<p>&nbsp;<\/p>\n<\/div>\n<div>\n<header>\n<h1>Mannschaften und Ligeneinteilung 2016\/2017<\/h1>\n<\/header>\n<div>\n<table style=\"height: 171px;\" border=\"0\" width=\"624\" cellspacing=\"0\" cellpadding=\"0\">\n<tbody>\n<tr>\n<th>MANNSCHAFT<\/th>\n<th>LIGA<\/th>\n<th>MANNSCHAFTSKONTAKT<\/th>\n<\/tr>\n<tr>\n<td>Herren<\/td>\n<td><a href=\"https:\/\/ttvn.click-tt.de\/cgi-bin\/WebObjects\/nuLigaTTDE.woa\/wa\/groupPage?championship=KV+HI+16%2F17&amp;group=279632\">1. Kreisklasse Herren Staffel 2<\/a><\/td>\n<td>Sauerberg, Oliver<\/td>\n<\/tr>\n<tr>\n<td>Herren II<\/td>\n<td><a href=\"https:\/\/ttvn.click-tt.de\/cgi-bin\/WebObjects\/nuLigaTTDE.woa\/wa\/groupPage?championship=KV+HI+16%2F17&amp;group=279655\">3. Kreisklasse Herren Staffel 5 &#8211; 4er<\/a><\/td>\n<td>Krumbholz, Benedict<\/td>\n<\/tr>\n<tr>\n<td>\u00a0Jungen I<\/td>\n<td><a href=\"https:\/\/ttvn.click-tt.de\/cgi-bin\/WebObjects\/nuLigaTTDE.woa\/wa\/groupPage?championship=KV+HI+16%2F17&amp;group=279986\">4. Kreisklasse Staffel 2<\/a><\/td>\n<td>Lippels, Holger<\/td>\n<\/tr>\n<\/tbody>\n<\/table>\n<p>Dar\u00fcber hinaus spielte die Tischtennis-Sparte des MTV Germania Barnten auch wieder im Kreispokal-Wettbewerb mit.<\/p>\n<p>Die Links f\u00fchren zu Spielterminen und -ergebnissen. Wir freuen uns \u00fcber jeden Zuschauer und Interessierten.<\/p>\n<p>&nbsp;<\/p>\n<\/div>\n<p>In der Saison 2015\/2016 nahm die Tischtennis-Sparte mit 3 Mannschaften an verschiedenen Wettk\u00e4mpfen und Turnieren teil. Nach dem Aufr\u00fccken von drei ehemaligen Jugendspielern in den Erwachsenenspielbetrieb sind nun eine Jungen- sowie zwei Herren-Mannschaften f\u00fcr den Spielbetrieb gemeldet. Mit der Unterst\u00fctzung der &#8222;neuen&#8220; Herren-Spieler konnten beide Herren-Teams als 6-er Mannschaften gemeldet werden. Nach dem Wechsel von Barntens &#8222;ewiger Nr. 1&#8220; &#8211; Marius Schwarzer &#8211; nach Hannover-D\u00f6hren \u00fcbernimmt Oliver Sauerberg dessen bisherige Aufgabe als Mannschaftsf\u00fchrer der 1. Herren. Neuer Mannschaftsf\u00fchrer f\u00fcr die 2. Herren ist vorerst bis auf weiteres Simon Schulz aus der 1. Herren, da sich aus der zweiten kein eigener Mannschaftsf\u00fchrer finden konnte.<\/p>\n<header>\n<h1>Mannschaften und Ligeneinteilung 2015\/2016<\/h1>\n<\/header>\n<div>\n<table style=\"height: 172px;\" border=\"0\" width=\"624\" cellspacing=\"0\" cellpadding=\"0\">\n<tbody>\n<tr>\n<th>MANNSCHAFT<\/th>\n<th>LIGA<\/th>\n<th>MANNSCHAFTSKONTAKT<\/th>\n<\/tr>\n<tr>\n<td>Herren<\/td>\n<td><a href=\"http:\/\/ttvn.click-tt.de\/cgi-bin\/WebObjects\/nuLigaTTDE.woa\/wa\/groupPage?championship=KV+HI+15%2F16&amp;group=254020\">1. Kreisklasse Herren Staffel 3<\/a><\/td>\n<td>Sauerberg, Oliver<\/td>\n<\/tr>\n<tr>\n<td>Herren II<\/td>\n<td><a href=\"http:\/\/ttvn.click-tt.de\/cgi-bin\/WebObjects\/nuLigaTTDE.woa\/wa\/groupPage?championship=KV+HI+15%2F16&amp;group=254029\">3. Kreisklasse Herren Staffel 2<\/a><\/td>\n<td>Schulz, Simon<\/td>\n<\/tr>\n<tr>\n<td>\u00a0Jungen I<\/td>\n<td><a href=\"http:\/\/ttvn.click-tt.de\/cgi-bin\/WebObjects\/nuLigaTTDE.woa\/wa\/groupPage?championship=KV+HI+15%2F16&amp;group=257809\">4. Kreisklasse Staffel 1<\/a><\/td>\n<td>Lippels, Holger<\/td>\n<\/tr>\n<\/tbody>\n<\/table>\n<p>Dar\u00fcber hinaus wurden die beiden Herren-Mannschaften f\u00fcr den Pokalwettbewerb gemeldet.<\/p>\n<p>Die Links f\u00fchren zu Spielterminen und -ergebnissen. Wir freuen uns \u00fcber jeden Zuschauer und Interessierten.<\/p>\n<p>&nbsp;<\/p>\n<\/div>\n<p>In der Saison 2014\/2015 nahm die Tischtennis-Sparte mit 4 Mannschaften an verschiedenen Wettk\u00e4mpfen und Turnieren teil.<\/p>\n<header>\n<h1>Mannschaften und Ligeneinteilung 2014\/2015<\/h1>\n<\/header>\n<div>\n<table border=\"0\" cellspacing=\"0\" cellpadding=\"0\">\n<tbody>\n<tr>\n<th>MANNSCHAFT<\/th>\n<th>LIGA<\/th>\n<th>MANNSCHAFTSKONTAKT<\/th>\n<\/tr>\n<tr>\n<td>Herren<\/td>\n<td><a href=\"https:\/\/ttvn.click-tt.de\/cgi-bin\/WebObjects\/nuLigaTTDE.woa\/wa\/groupPage?championship=KV+HI+14%2F15&amp;group=229269\">1. Kreisklasse Herren Staffel 3<\/a><\/td>\n<td>Schwarzer, Marius<\/td>\n<\/tr>\n<tr>\n<td>Herren II<\/td>\n<td><a href=\"https:\/\/ttvn.click-tt.de\/cgi-bin\/WebObjects\/nuLigaTTDE.woa\/wa\/groupPage?championship=KV+HI+14%2F15&amp;group=229861\">3. Kreisklasse Herren Staffel 5 4er<\/a><\/td>\n<td>Lenhart, Nicolas<\/td>\n<\/tr>\n<tr>\n<td>Jungen<\/td>\n<td><a href=\"https:\/\/ttvn.click-tt.de\/cgi-bin\/WebObjects\/nuLigaTTDE.woa\/wa\/groupPage?championship=KV+HI+14%2F15&amp;group=232951\">3. Kreisklasse Staffel 1<\/a><\/td>\n<td>H\u00f6rstermann, Horst<\/td>\n<\/tr>\n<tr>\n<td>Jungen II<\/td>\n<td><a href=\"https:\/\/ttvn.click-tt.de\/cgi-bin\/WebObjects\/nuLigaTTDE.woa\/wa\/groupPage?championship=KV+HI+14%2F15&amp;group=232946\">5. Kreisklasse Staffel 1<\/a><\/td>\n<td>Lippels, Holger<\/td>\n<\/tr>\n<\/tbody>\n<\/table>\n<p>Dar\u00fcber hinaus wurde eine Mannschaft f\u00fcr den Pokalwettbewerb gemeldet.<\/p>\n<\/div>\n<\/div>\n<\/header>\n<div>\n<p>&nbsp;<\/p>\n<\/div>\n<\/div>\n<\/header>\n","protected":false},"excerpt":{"rendered":"<p>Spartennews Mannschaften und Ligeneinteilung 2025\/2026 MANNSCHAFT LIGA SPIELSYSTEM MANNSCHAFTSKONTAKT Herren I Kreisliga Gruppe 3 Bundessystem Peckmann, Lukas Herren II 1. Kreisklasse Gruppe 3 Bundessystem Schulz, Simon Herren III 4. Kreisklasse Gruppe 2 Braunschweiger System Sauerberg, Oliver Die Links f\u00fchren zu Spielterminen und -ergebnissen. Wir freuen uns \u00fcber jeden Zuschauer und Interessierten. Der Vereinsspielplan f\u00fcr die [&hellip;]<\/p>\n","protected":false},"author":1,"featured_media":0,"parent":8,"menu_order":0,"comment_status":"closed","ping_status":"closed","template":"","meta":{"_crdt_document":"","footnotes":""},"class_list":["post-38","page","type-page","status-publish","hentry"],"_links":{"self":[{"href":"https:\/\/mtv-barnten.de\/index.php?rest_route=\/wp\/v2\/pages\/38","targetHints":{"allow":["GET"]}}],"collection":[{"href":"https:\/\/mtv-barnten.de\/index.php?rest_route=\/wp\/v2\/pages"}],"about":[{"href":"https:\/\/mtv-barnten.de\/index.php?rest_route=\/wp\/v2\/types\/page"}],"author":[{"embeddable":true,"href":"https:\/\/mtv-barnten.de\/index.php?rest_route=\/wp\/v2\/users\/1"}],"replies":[{"embeddable":true,"href":"https:\/\/mtv-barnten.de\/index.php?rest_route=%2Fwp%2Fv2%2Fcomments&post=38"}],"version-history":[{"count":38,"href":"https:\/\/mtv-barnten.de\/index.php?rest_route=\/wp\/v2\/pages\/38\/revisions"}],"predecessor-version":[{"id":1805,"href":"https:\/\/mtv-barnten.de\/index.php?rest_route=\/wp\/v2\/pages\/38\/revisions\/1805"}],"up":[{"embeddable":true,"href":"https:\/\/mtv-barnten.de\/index.php?rest_route=\/wp\/v2\/pages\/8"}],"wp:attachment":[{"href":"https:\/\/mtv-barnten.de\/index.php?rest_route=%2Fwp%2Fv2%2Fmedia&parent=38"}],"curies":[{"name":"wp","href":"https:\/\/api.w.org\/{rel}","templated":true}]}}