{"id":231,"date":"2013-09-12T18:09:09","date_gmt":"2013-09-12T18:09:09","guid":{"rendered":"http:\/\/mtv-barnten.de\/?page_id=231"},"modified":"2025-09-03T13:41:21","modified_gmt":"2025-09-03T13:41:21","slug":"dgh","status":"publish","type":"page","link":"https:\/\/mtv-barnten.de\/?page_id=231","title":{"rendered":"DGH"},"content":{"rendered":"<p>Konkrete Ausk\u00fcnfte k\u00f6nnen auf Anfrage an Sarah Wolf erfolgen:<\/p>\n<p>0160 3457291 oder <a href=\"mailto:dgh@mtv-barnten.de\">dgh@mtv-barnten.de<\/a><\/p>\n<p>Die R\u00e4ume des Dorfgemeinschaftshauses k\u00f6nnen bei Verf\u00fcgbarkeit von Vereinen oder Privatpersonen gemietet werden. Vordrucke f\u00fcr den aktuell g\u00fcltigen Nutzungsvertrag finden sich unter Downloads.<\/p>\n<p>Veranstaltungen (insbesondere in der Sporthalle) siehe Men\u00fcpunkt Termine.<\/p>\n","protected":false},"excerpt":{"rendered":"<p>Konkrete Ausk\u00fcnfte k\u00f6nnen auf Anfrage an Sarah Wolf erfolgen: 0160 3457291 oder dgh@mtv-barnten.de Die R\u00e4ume des Dorfgemeinschaftshauses k\u00f6nnen bei Verf\u00fcgbarkeit von Vereinen oder Privatpersonen gemietet werden. Vordrucke f\u00fcr den aktuell g\u00fcltigen Nutzungsvertrag finden sich unter Downloads. Veranstaltungen (insbesondere in der Sporthalle) siehe Men\u00fcpunkt Termine.<\/p>\n","protected":false},"author":1,"featured_media":0,"parent":0,"menu_order":0,"comment_status":"closed","ping_status":"closed","template":"","meta":{"_crdt_document":"","footnotes":""},"class_list":["post-231","page","type-page","status-publish","hentry"],"_links":{"self":[{"href":"https:\/\/mtv-barnten.de\/index.php?rest_route=\/wp\/v2\/pages\/231","targetHints":{"allow":["GET"]}}],"collection":[{"href":"https:\/\/mtv-barnten.de\/index.php?rest_route=\/wp\/v2\/pages"}],"about":[{"href":"https:\/\/mtv-barnten.de\/index.php?rest_route=\/wp\/v2\/types\/page"}],"author":[{"embeddable":true,"href":"https:\/\/mtv-barnten.de\/index.php?rest_route=\/wp\/v2\/users\/1"}],"replies":[{"embeddable":true,"href":"https:\/\/mtv-barnten.de\/index.php?rest_route=%2Fwp%2Fv2%2Fcomments&post=231"}],"version-history":[{"count":10,"href":"https:\/\/mtv-barnten.de\/index.php?rest_route=\/wp\/v2\/pages\/231\/revisions"}],"predecessor-version":[{"id":1794,"href":"https:\/\/mtv-barnten.de\/index.php?rest_route=\/wp\/v2\/pages\/231\/revisions\/1794"}],"wp:attachment":[{"href":"https:\/\/mtv-barnten.de\/index.php?rest_route=%2Fwp%2Fv2%2Fmedia&parent=231"}],"curies":[{"name":"wp","href":"https:\/\/api.w.org\/{rel}","templated":true}]}}