{"id":1135,"date":"2016-07-01T21:05:37","date_gmt":"2016-07-01T21:05:37","guid":{"rendered":"http:\/\/mtv-barnten.de\/?page_id=1135"},"modified":"2024-09-27T08:49:04","modified_gmt":"2024-09-27T08:49:04","slug":"bogenschiessen-2","status":"publish","type":"page","link":"https:\/\/mtv-barnten.de\/?page_id=1135","title":{"rendered":"Bogenschie\u00dfen"},"content":{"rendered":"<p>Pr\u00e4zision und Gelassenheit, Selbstbeherrschung und Disziplin!<br \/>\nDas ist die Kunst des Bogenschie\u00dfens.<\/p>\n<p>Die Bogensparte ist im M\u00e4rz 2016 gegr\u00fcndet worden und somit \u00fcber drei Jahre alt.<br \/>\nDie Sparte besteht zurzeit aus einem harten Kern von 19 Personen.<br \/>\nMeistens wird auf verschiedene Zielen geschossen, um uns auf 3D-Turniere<br \/>\nvorzubereiten.<br \/>\nDie 3D-Turniere gewinnen an der Beliebtheit und finden immer drau\u00dfen statt, egal<br \/>\nwie das Wetter ist.<br \/>\nLange Spazierg\u00e4nge durch den Wald, gepaart mit dem Schie\u00dfen auf<br \/>\nSchaumstofftiere. Von der Maus bis zum Bison ist alles dabei. Verschiedene<br \/>\nDistanzen und Lage erschweren das Ganze, aber der Spa\u00df ist jedes Mal dabei und<br \/>\nriesengro\u00df.<\/p>\n<p>Ferienpass-Aktionen finden jedes Jahr bei uns erfolgreich statt.<br \/>\nMittlerweile hat jedes Mitglied seine eigene Ausr\u00fcstung gekauft, was ein Beweis f\u00fcr<br \/>\ndie Standfestigkeit der Sparte und das gro\u00dfe Interesse f\u00fcr diesen Sport ist.<\/p>\n<p><strong>Die aktuellen Trainingszeiten sind im Hallenbelegungsplan unter Downloads einsehbar.<\/strong><\/p>\n<p>In den Sommermonaten wird drau\u00dfen auf dem Sportplatz trainiert.<\/p>\n<p>Ansprechpartner und Schie\u00dfsportleiter<br \/>\nPascal COUPECHOUX<br \/>\nTel. 0151-25 35 22 31<\/p>\n<h2>Fotos vom 7 Berge Clout-Turnier am 15.09.2024 in Wallenstedt<\/h2>\n<p><a href=\"https:\/\/drive.google.com\/file\/d\/1I1vgyZ-PDqVxwnQMv27kGKiOrIOsCQQQ\/view?usp=drive_web\">\u00a0Photos-001 (3).zip<\/a><\/p>\n<h2>Ergebnisse des 7 Berge Clout-Turnier am 15.09.2024<\/h2>\n<p>&nbsp;<\/p>\n<table width=\"483\">\n<tbody>\n<tr>\n<td width=\"85\"><\/td>\n<td width=\"107\"><\/td>\n<td width=\"51\"><\/td>\n<td width=\"167\"><\/td>\n<td width=\"73\"><\/td>\n<\/tr>\n<tr>\n<td><\/td>\n<td colspan=\"3\">Ergebnisse 7-Berge-Clout-Turnier<\/td>\n<td><\/td>\n<\/tr>\n<tr>\n<td><\/td>\n<td colspan=\"3\">Vom 15.09.2024 in Wallenstedt<\/td>\n<td><\/td>\n<\/tr>\n<tr>\n<td><\/td>\n<td><\/td>\n<td><\/td>\n<td><\/td>\n<td><\/td>\n<\/tr>\n<tr>\n<td><\/td>\n<td>Entfernung (m)<\/td>\n<td>Platz<\/td>\n<td>Name<\/td>\n<td>Ringzahl<\/td>\n<\/tr>\n<tr>\n<td><\/td>\n<td><\/td>\n<td><\/td>\n<td><\/td>\n<td><\/td>\n<\/tr>\n<tr>\n<td><\/td>\n<td>90<\/td>\n<td>1<\/td>\n<td>Esther Patock<\/td>\n<td>139<\/td>\n<\/tr>\n<tr>\n<td><\/td>\n<td><\/td>\n<td>2<\/td>\n<td>Jens Riewe<\/td>\n<td>120<\/td>\n<\/tr>\n<tr>\n<td><\/td>\n<td><\/td>\n<td>3<\/td>\n<td>Milan Wortmann (8 Jahre)<\/td>\n<td>76<\/td>\n<\/tr>\n<tr>\n<td><\/td>\n<td><\/td>\n<td><\/td>\n<td><\/td>\n<td><\/td>\n<\/tr>\n<tr>\n<td><\/td>\n<td>125<\/td>\n<td>1<\/td>\n<td>Clemens Moses<\/td>\n<td>157<\/td>\n<\/tr>\n<tr>\n<td><\/td>\n<td><\/td>\n<td>2<\/td>\n<td>Roland Kr\u00e4mer<\/td>\n<td>127<\/td>\n<\/tr>\n<tr>\n<td><\/td>\n<td><\/td>\n<td>3<\/td>\n<td>Elke Deus<\/td>\n<td>123<\/td>\n<\/tr>\n<tr>\n<td><\/td>\n<td><\/td>\n<td>4<\/td>\n<td>Norbert Rosin<\/td>\n<td>112<\/td>\n<\/tr>\n<tr>\n<td><\/td>\n<td><\/td>\n<td>5<\/td>\n<td>Ramona Wortmann<\/td>\n<td>106<\/td>\n<\/tr>\n<tr>\n<td><\/td>\n<td><\/td>\n<td>6<\/td>\n<td>Melanie Schiewe<\/td>\n<td>92<\/td>\n<\/tr>\n<tr>\n<td><\/td>\n<td><\/td>\n<td>7<\/td>\n<td>Frank Warnecke<\/td>\n<td>90<\/td>\n<\/tr>\n<tr>\n<td><\/td>\n<td><\/td>\n<td>8<\/td>\n<td>Thomas Meyer<\/td>\n<td>82<\/td>\n<\/tr>\n<tr>\n<td><\/td>\n<td><\/td>\n<td>9<\/td>\n<td>Martin Pollak<\/td>\n<td>71<\/td>\n<\/tr>\n<tr>\n<td><\/td>\n<td><\/td>\n<td>10<\/td>\n<td>Karsten Sander<\/td>\n<td>64<\/td>\n<\/tr>\n<tr>\n<td><\/td>\n<td><\/td>\n<td><\/td>\n<td><\/td>\n<td><\/td>\n<\/tr>\n<tr>\n<td><\/td>\n<td>165<\/td>\n<td>1<\/td>\n<td>Klaus Hartmann<\/td>\n<td>212<\/td>\n<\/tr>\n<tr>\n<td><\/td>\n<td><\/td>\n<td>2<\/td>\n<td>Robert Otremba<\/td>\n<td>122<\/td>\n<\/tr>\n<tr>\n<td><\/td>\n<td><\/td>\n<td>3<\/td>\n<td>Martin Beyer<\/td>\n<td>108<\/td>\n<\/tr>\n<tr>\n<td><\/td>\n<td><\/td>\n<td>4<\/td>\n<td>Roland Kraft-Patock<\/td>\n<td>99<\/td>\n<\/tr>\n<tr>\n<td><\/td>\n<td><\/td>\n<td>5<\/td>\n<td>Karl Rese<\/td>\n<td>95<\/td>\n<\/tr>\n<tr>\n<td><\/td>\n<td><\/td>\n<td>6<\/td>\n<td>Sebastian Martin<\/td>\n<td>87<\/td>\n<\/tr>\n<tr>\n<td><\/td>\n<td><\/td>\n<td>7<\/td>\n<td>Fynn Ketz<\/td>\n<td>47<\/td>\n<\/tr>\n<tr>\n<td><\/td>\n<td><\/td>\n<td>8<\/td>\n<td>Ina Rintelmann<\/td>\n<td>33<\/td>\n<\/tr>\n<tr>\n<td><\/td>\n<td><\/td>\n<td>9<\/td>\n<td>Lena Behrens<\/td>\n<td>13<\/td>\n<\/tr>\n<tr>\n<td><\/td>\n<td>* mehr Goldtreffer<\/td>\n<td><\/td>\n<td><\/td>\n<td><\/td>\n<\/tr>\n<tr>\n<td><\/td>\n<td>200<\/td>\n<td>1<\/td>\n<td>Chris Gliesch<\/td>\n<td>106<\/td>\n<\/tr>\n<tr>\n<td><\/td>\n<td><\/td>\n<td>2<\/td>\n<td>Yannis Beiser<\/td>\n<td>87<\/td>\n<\/tr>\n<tr>\n<td><\/td>\n<td><\/td>\n<td>3<\/td>\n<td>Manfred Kanowsky<\/td>\n<td>36<\/td>\n<\/tr>\n<tr>\n<td><\/td>\n<td><\/td>\n<td>4<\/td>\n<td>Detlef M\u00fcller (a. K.)<\/td>\n<td>141<\/td>\n<\/tr>\n<tr>\n<td><\/td>\n<td><\/td>\n<td><\/td>\n<td><\/td>\n<td><\/td>\n<\/tr>\n<tr>\n<td><\/td>\n<td colspan=\"3\">Das Ringschie\u00dfen gewann Norbert Rosin<\/td>\n<td><\/td>\n<\/tr>\n<tr>\n<td><\/td>\n<td colspan=\"3\">Zweiter wurde Yannis Beiser<\/td>\n<td><\/td>\n<\/tr>\n<tr>\n<td colspan=\"2\">Die Wertungsrichter waren:<\/td>\n<td><\/td>\n<td><\/td>\n<td><\/td>\n<\/tr>\n<tr>\n<td colspan=\"4\">Silke und Pascal Coupechoux, Dirk Hansen, Bodo D\u00f6lz<\/td>\n<td><\/td>\n<\/tr>\n<\/tbody>\n<\/table>\n<p>&nbsp;<\/p>\n<h3>Ergebnisse des 7 Berge Clout-Turnier am 24.09.2023<\/h3>\n<p>&nbsp;<\/p>\n<table width=\"463\">\n<tbody>\n<tr>\n<td width=\"81\"><\/td>\n<td width=\"103\"><\/td>\n<td width=\"59\"><\/td>\n<td width=\"151\"><\/td>\n<td width=\"69\"><\/td>\n<\/tr>\n<tr>\n<td><\/td>\n<td colspan=\"3\">Ergebnisse 7-Berge-Clout-Turnier<\/td>\n<td><\/td>\n<\/tr>\n<tr>\n<td><\/td>\n<td colspan=\"3\">Vom 24.09.2023 in Wallenstedt<\/td>\n<td><\/td>\n<\/tr>\n<tr>\n<td><\/td>\n<td><\/td>\n<td><\/td>\n<td><\/td>\n<td><\/td>\n<\/tr>\n<tr>\n<td><\/td>\n<td>Entfernung (m)<\/td>\n<td>Platz<\/td>\n<td>Name<\/td>\n<td>Ringzahl<\/td>\n<\/tr>\n<tr>\n<td><\/td>\n<td><\/td>\n<td><\/td>\n<td><\/td>\n<td><\/td>\n<\/tr>\n<tr>\n<td><\/td>\n<td>90<\/td>\n<td>1<\/td>\n<td>Felix Burghardt<\/td>\n<td>116<\/td>\n<\/tr>\n<tr>\n<td><\/td>\n<td><\/td>\n<td>2<\/td>\n<td>Leonie Hoch<\/td>\n<td>68<\/td>\n<\/tr>\n<tr>\n<td><\/td>\n<td><\/td>\n<td><\/td>\n<td><\/td>\n<td><\/td>\n<\/tr>\n<tr>\n<td><\/td>\n<td>125<\/td>\n<td>1<\/td>\n<td>Norbert Rosin<\/td>\n<td>178<\/td>\n<\/tr>\n<tr>\n<td><\/td>\n<td><\/td>\n<td>2<\/td>\n<td>Roland Kraft-Patock<\/td>\n<td>172<\/td>\n<\/tr>\n<tr>\n<td><\/td>\n<td><\/td>\n<td>3<\/td>\n<td>Dieter Stegmaier<\/td>\n<td>171 *<\/td>\n<\/tr>\n<tr>\n<td><\/td>\n<td><\/td>\n<td>4<\/td>\n<td>Elke Deus<\/td>\n<td>171<\/td>\n<\/tr>\n<tr>\n<td><\/td>\n<td><\/td>\n<td>5<\/td>\n<td>Martin Beyer<\/td>\n<td>147<\/td>\n<\/tr>\n<tr>\n<td><\/td>\n<td><\/td>\n<td>6<\/td>\n<td>Frank Warnecke<\/td>\n<td>146<\/td>\n<\/tr>\n<tr>\n<td><\/td>\n<td><\/td>\n<td>7<\/td>\n<td>Clemens Moses<\/td>\n<td>135<\/td>\n<\/tr>\n<tr>\n<td><\/td>\n<td><\/td>\n<td>8<\/td>\n<td>Roland Kr\u00e4mer<\/td>\n<td>129<\/td>\n<\/tr>\n<tr>\n<td><\/td>\n<td><\/td>\n<td>9<\/td>\n<td>Johnney Kubat<\/td>\n<td>128<\/td>\n<\/tr>\n<tr>\n<td><\/td>\n<td><\/td>\n<td>10<\/td>\n<td>Frank Burghardt<\/td>\n<td>125<\/td>\n<\/tr>\n<tr>\n<td><\/td>\n<td><\/td>\n<td>11<\/td>\n<td>Ramona Wortmann<\/td>\n<td>97<\/td>\n<\/tr>\n<tr>\n<td><\/td>\n<td><\/td>\n<td>12<\/td>\n<td>Thomas Meyer<\/td>\n<td>95<\/td>\n<\/tr>\n<tr>\n<td><\/td>\n<td><\/td>\n<td>13<\/td>\n<td>Jannis Samaras<\/td>\n<td>91<\/td>\n<\/tr>\n<tr>\n<td><\/td>\n<td><\/td>\n<td>14<\/td>\n<td>Martin Pollak<\/td>\n<td>90<\/td>\n<\/tr>\n<tr>\n<td><\/td>\n<td><\/td>\n<td>15<\/td>\n<td>Johannes Samaras<\/td>\n<td>\u00a0**<\/td>\n<\/tr>\n<tr>\n<td><\/td>\n<td>* mehr Goldtreffer<\/td>\n<td><\/td>\n<td>** Sch\u00fcler!<\/td>\n<td><\/td>\n<\/tr>\n<tr>\n<td><\/td>\n<td>165<\/td>\n<td>1<\/td>\n<td>Klaus Hartmann<\/td>\n<td>152<\/td>\n<\/tr>\n<tr>\n<td><\/td>\n<td><\/td>\n<td>2<\/td>\n<td>Robert Otremba<\/td>\n<td>133<\/td>\n<\/tr>\n<tr>\n<td><\/td>\n<td><\/td>\n<td>3<\/td>\n<td>Ina Rintelmann<\/td>\n<td>131 *<\/td>\n<\/tr>\n<tr>\n<td><\/td>\n<td><\/td>\n<td>4<\/td>\n<td>Martin Schorse<\/td>\n<td>131<\/td>\n<\/tr>\n<tr>\n<td><\/td>\n<td><\/td>\n<td>5<\/td>\n<td>Lena Behrens<\/td>\n<td>120<\/td>\n<\/tr>\n<tr>\n<td><\/td>\n<td><\/td>\n<td>6<\/td>\n<td>Markus Kr\u00e4mer<\/td>\n<td>118<\/td>\n<\/tr>\n<tr>\n<td><\/td>\n<td><\/td>\n<td>7<\/td>\n<td>Fynn Ketz<\/td>\n<td>99<\/td>\n<\/tr>\n<tr>\n<td><\/td>\n<td><\/td>\n<td>8<\/td>\n<td>Karl-Heinz Rese<\/td>\n<td>73<\/td>\n<\/tr>\n<tr>\n<td><\/td>\n<td><\/td>\n<td>9<\/td>\n<td>Jens Riewe<\/td>\n<td>58<\/td>\n<\/tr>\n<tr>\n<td><\/td>\n<td><\/td>\n<td>10<\/td>\n<td>Nucan Amin<\/td>\n<td>51<\/td>\n<\/tr>\n<tr>\n<td><\/td>\n<td>* mehr Goldtreffer<\/td>\n<td><\/td>\n<td><\/td>\n<td><\/td>\n<\/tr>\n<tr>\n<td><\/td>\n<td>200<\/td>\n<td>1<\/td>\n<td>Yannis Beiser<\/td>\n<td>88<\/td>\n<\/tr>\n<tr>\n<td><\/td>\n<td><\/td>\n<td>2<\/td>\n<td>Thomas Schlei<\/td>\n<td>45<\/td>\n<\/tr>\n<tr>\n<td><\/td>\n<td><\/td>\n<td><\/td>\n<td><\/td>\n<td><\/td>\n<\/tr>\n<tr>\n<td><\/td>\n<td colspan=\"3\">Das Ringschie\u00dfen gewann Yannis Beiser<\/td>\n<td><\/td>\n<\/tr>\n<tr>\n<td><\/td>\n<td colspan=\"3\">Zweiter wurde Robert Otremba<\/td>\n<td><\/td>\n<\/tr>\n<tr>\n<td colspan=\"2\">Die Wertungsrichter waren:<\/td>\n<td><\/td>\n<td><\/td>\n<td><\/td>\n<\/tr>\n<tr>\n<td colspan=\"5\">Raphael Coupechoux, Pascal Coupechoux, Dirk Hansen, Bodo D\u00f6lz<\/td>\n<\/tr>\n<\/tbody>\n<\/table>\n<p>&nbsp;<\/p>\n","protected":false},"excerpt":{"rendered":"<p>Pr\u00e4zision und Gelassenheit, Selbstbeherrschung und Disziplin! Das ist die Kunst des Bogenschie\u00dfens. Die Bogensparte ist im M\u00e4rz 2016 gegr\u00fcndet worden und somit \u00fcber drei Jahre alt. Die Sparte besteht zurzeit aus einem harten Kern von 19 Personen. Meistens wird auf verschiedene Zielen geschossen, um uns auf 3D-Turniere vorzubereiten. Die 3D-Turniere gewinnen an der Beliebtheit und [&hellip;]<\/p>\n","protected":false},"author":6,"featured_media":0,"parent":8,"menu_order":0,"comment_status":"closed","ping_status":"closed","template":"","meta":{"_crdt_document":"","footnotes":""},"class_list":["post-1135","page","type-page","status-publish","hentry"],"_links":{"self":[{"href":"https:\/\/mtv-barnten.de\/index.php?rest_route=\/wp\/v2\/pages\/1135","targetHints":{"allow":["GET"]}}],"collection":[{"href":"https:\/\/mtv-barnten.de\/index.php?rest_route=\/wp\/v2\/pages"}],"about":[{"href":"https:\/\/mtv-barnten.de\/index.php?rest_route=\/wp\/v2\/types\/page"}],"author":[{"embeddable":true,"href":"https:\/\/mtv-barnten.de\/index.php?rest_route=\/wp\/v2\/users\/6"}],"replies":[{"embeddable":true,"href":"https:\/\/mtv-barnten.de\/index.php?rest_route=%2Fwp%2Fv2%2Fcomments&post=1135"}],"version-history":[{"count":11,"href":"https:\/\/mtv-barnten.de\/index.php?rest_route=\/wp\/v2\/pages\/1135\/revisions"}],"predecessor-version":[{"id":1750,"href":"https:\/\/mtv-barnten.de\/index.php?rest_route=\/wp\/v2\/pages\/1135\/revisions\/1750"}],"up":[{"embeddable":true,"href":"https:\/\/mtv-barnten.de\/index.php?rest_route=\/wp\/v2\/pages\/8"}],"wp:attachment":[{"href":"https:\/\/mtv-barnten.de\/index.php?rest_route=%2Fwp%2Fv2%2Fmedia&parent=1135"}],"curies":[{"name":"wp","href":"https:\/\/api.w.org\/{rel}","templated":true}]}}