{"id":1495,"date":"2020-01-09T14:24:16","date_gmt":"2020-01-09T14:24:16","guid":{"rendered":"http:\/\/mtv-barnten.de\/?page_id=1495"},"modified":"2024-10-03T17:54:37","modified_gmt":"2024-10-03T17:54:37","slug":"boxen","status":"publish","type":"page","link":"http:\/\/mtv-barnten.de\/?page_id=1495","title":{"rendered":"Boxen"},"content":{"rendered":"<h2>Die Boxsparte wurde Mitte 2024 aufgel\u00f6st.<\/h2>\n<p>&nbsp;<\/p>\n<p><strong>Boxen <\/strong>ist eine Kampfsportart, bei der sich zwei Kontrahenten unter festgelegten Regeln nur mit den F\u00e4usten bek\u00e4mpfen. Ziel ist es, m\u00f6glichst viele Treffer beim Gegner zu erzielen oder diesen durch einen Knockout au\u00dfer Gefecht zu setzen. Die K\u00e4mpfer sind f\u00fcr gew\u00f6hnlich mit gepolsterten Handschuhen ausgestattet und m\u00fcssen derselben Gewichtsklasse angeh\u00f6ren.<\/p>\n<p>Ein Boxkampf wird unter der Aufsicht eines Ringrichters \u00fcber mehrere ein bis drei Minuten dauernde Runden ausgetragen. Er ist entschieden, wenn ein Gegner vom Ringrichter als unf\u00e4hig erachtet wird, den Kampf fortzuf\u00fchren, eine schwerwiegende Regelverletzung vorliegt, eine Aufgabe signalisiert wird oder der Ablauf der regul\u00e4ren Rundenzahl zu einer Punktentscheidung f\u00fchrt.<\/p>\n","protected":false},"excerpt":{"rendered":"<p>Die Boxsparte wurde Mitte 2024 aufgel\u00f6st. &nbsp; Boxen ist eine Kampfsportart, bei der sich zwei Kontrahenten unter festgelegten Regeln nur mit den F\u00e4usten bek\u00e4mpfen. Ziel ist es, m\u00f6glichst viele Treffer beim Gegner zu erzielen oder diesen durch einen Knockout au\u00dfer Gefecht zu setzen. Die K\u00e4mpfer sind f\u00fcr gew\u00f6hnlich mit gepolsterten Handschuhen ausgestattet und m\u00fcssen derselben [&hellip;]<\/p>\n","protected":false},"author":1,"featured_media":0,"parent":8,"menu_order":0,"comment_status":"closed","ping_status":"closed","template":"","meta":{"_crdt_document":"","footnotes":""},"class_list":["post-1495","page","type-page","status-publish","hentry"],"_links":{"self":[{"href":"http:\/\/mtv-barnten.de\/index.php?rest_route=\/wp\/v2\/pages\/1495","targetHints":{"allow":["GET"]}}],"collection":[{"href":"http:\/\/mtv-barnten.de\/index.php?rest_route=\/wp\/v2\/pages"}],"about":[{"href":"http:\/\/mtv-barnten.de\/index.php?rest_route=\/wp\/v2\/types\/page"}],"author":[{"embeddable":true,"href":"http:\/\/mtv-barnten.de\/index.php?rest_route=\/wp\/v2\/users\/1"}],"replies":[{"embeddable":true,"href":"http:\/\/mtv-barnten.de\/index.php?rest_route=%2Fwp%2Fv2%2Fcomments&post=1495"}],"version-history":[{"count":4,"href":"http:\/\/mtv-barnten.de\/index.php?rest_route=\/wp\/v2\/pages\/1495\/revisions"}],"predecessor-version":[{"id":1758,"href":"http:\/\/mtv-barnten.de\/index.php?rest_route=\/wp\/v2\/pages\/1495\/revisions\/1758"}],"up":[{"embeddable":true,"href":"http:\/\/mtv-barnten.de\/index.php?rest_route=\/wp\/v2\/pages\/8"}],"wp:attachment":[{"href":"http:\/\/mtv-barnten.de\/index.php?rest_route=%2Fwp%2Fv2%2Fmedia&parent=1495"}],"curies":[{"name":"wp","href":"https:\/\/api.w.org\/{rel}","templated":true}]}}